{"id":82622,"date":"2019-08-30T09:09:39","date_gmt":"2019-08-30T07:09:39","guid":{"rendered":"https:\/\/www.caglificioclerici.com\/altri-coagulanti\/"},"modified":"2024-04-29T11:45:53","modified_gmt":"2024-04-29T09:45:53","slug":"otros-coagulantes","status":"publish","type":"page","link":"https:\/\/www.caglificioclerici.com\/es\/otros-productos\/otros-coagulantes\/","title":{"rendered":"Otros<br \/>coagulantes"},"content":{"rendered":"<div class=\"wpb-content-wrapper\"><p>[vc_row][vc_column width=\u00bb1\/1&#8243;][vc_custom_heading]COAGULANTES: QU\u00c9 SON Y PARA QU\u00c9 SE UTILIZAN[\/vc_custom_heading][vc_column_text]<\/p>\n<p style=\"font-weight: 400;\">Los <strong>coagulantes<\/strong> son sustancias que se utilizan para <strong>coagular la leche<\/strong> durante el proceso de fabricaci\u00f3n del queso. La <strong>coagulaci\u00f3n<\/strong> es el proceso mediante el cual la leche se transforma en una sustancia gelatinosa denominada cuajada, que constituir\u00e1 la base para la <strong>producci\u00f3n de queso<\/strong>.<\/p>\n<p style=\"font-weight: 400;\">Los<strong> coagulantes<\/strong> pueden ser de origen<strong> animal<\/strong>, como el cuajo, o de origen<strong> vegetal.<\/strong><\/p>\n<p style=\"font-weight: 400;\">La<strong> elecci\u00f3n del coagulante<\/strong> influye en las caracter\u00edsticas finales del queso, como la consistencia, el sabor, la textura y las caracter\u00edsticas organol\u00e9pticas.<\/p>\n<p>[\/vc_column_text][\/vc_column][\/vc_row][vc_row row_height_percent=\u00bb0&#8243; override_padding=\u00bbyes\u00bb h_padding=\u00bb2&#8243; top_padding=\u00bb3&#8243; bottom_padding=\u00bb3&#8243; overlay_alpha=\u00bb50&#8243; gutter_size=\u00bb4&#8243; column_width_percent=\u00bb100&#8243; shift_y=\u00bb0&#8243; z_index=\u00bb0&#8243;][vc_column width=\u00bb1\/2&#8243;][vc_single_image media=\u00bb79575&#8243; media_width_percent=\u00bb100&#8243; css_animation=\u00bbleft-t-right\u00bb][\/vc_column][vc_column width=\u00bb1\/2&#8243;][vc_custom_heading text_font=\u00bbfont-156269&#8243; text_size=\u00bbh4&#8243; text_transform=\u00bbuppercase\u00bb]Coagulante Microbiano[\/vc_custom_heading][vc_column_text]El <strong>coagulante microbiano<\/strong> Clerici, denominado <strong>Microclerici<\/strong>, es un coagulante vegetal extremadamente puro que se obtiene por fermentaci\u00f3n controlada de Rhizomucor miehei, especie importante de hongo que produce enzimas proteol\u00edticas capaces de inducir la <strong>coagulaci\u00f3n de la leche<\/strong>.<\/p>\n<p>El <strong>coagulante vegetal Microclerici<\/strong> se puede utilizar en casos especiales, como para la producci\u00f3n de quesos vegetarianos, frescos, para obtener una prote\u00f3lisis bien controlada y de buen sabor.<\/p>\n<p>El coagulante microbiano Microclerici est\u00e1 disponible tanto en <strong>versi\u00f3n termol\u00e1bil como en versi\u00f3n termoestable<\/strong>, con certificaciones Halal y Kosher, en <strong>polvo, l\u00edquido<\/strong> y en versi\u00f3n libre de OGM.<\/p>\n<p><strong>I.M.C.U<\/strong>: 140; 220; 680; 2400; 3400[\/vc_column_text][\/vc_column][\/vc_row][vc_row row_height_percent=\u00bb0&#8243; override_padding=\u00bbyes\u00bb h_padding=\u00bb2&#8243; top_padding=\u00bb3&#8243; bottom_padding=\u00bb3&#8243; overlay_alpha=\u00bb50&#8243; gutter_size=\u00bb4&#8243; column_width_percent=\u00bb100&#8243; shift_y=\u00bb0&#8243; z_index=\u00bb0&#8243; el_class=\u00bbinverted-device-order clerici-home-box-tb-padding&#8211;var\u00bb][vc_column width=\u00bb1\/2&#8243;][vc_custom_heading text_font=\u00bbfont-156269&#8243; text_size=\u00bbh4&#8243; text_transform=\u00bbuppercase\u00bb]Coagulante Genetico[\/vc_custom_heading][vc_column_text]El <strong>coagulante gen\u00e9tico Clerici<\/strong>, denominado <strong>Albamax<\/strong>, es una enzima coagulante producida por la fermentaci\u00f3n de <em>Aspergillus niger var. awamori<\/em>.<\/p>\n<p><strong>Albamax<\/strong> es una quimosina que se puede utilizar para algunas exigencias productivas espec\u00edficas. Mantiene una prote\u00f3lisis baja hasta el punto de poder disminuir al m\u00ednimo las p\u00e9rdidas de rendimiento, no confiere amargura al queso y se ha formulado para aquellos que desean obtener un buena <strong>relaci\u00f3n entre la calidad de coagulaci\u00f3n y un precio econ\u00f3mico<\/strong>.[\/vc_column_text][\/vc_column][vc_column width=\u00bb1\/2&#8243;][vc_single_image media=\u00bb79576&#8243; media_width_percent=\u00bb100&#8243; css_animation=\u00bbright-t-left\u00bb][\/vc_column][\/vc_row]<\/p>\n<\/div>","protected":false},"excerpt":{"rendered":"<p>[vc_row][vc_column width=\u00bb1\/1&#8243;][vc_custom_heading]COAGULANTES: QU\u00c9 SON Y PARA QU\u00c9 SE UTILIZAN[\/vc_custom_heading][vc_column_text] Los coagulantes son sustancias que se utilizan para coagular la leche [&hellip;]<\/p>\n","protected":false},"author":1,"featured_media":82624,"parent":83475,"menu_order":0,"comment_status":"closed","ping_status":"closed","template":"","meta":{"_acf_changed":false,"footnotes":""},"class_list":["post-82622","page","type-page","status-publish","has-post-thumbnail","hentry"],"acf":[],"_links":{"self":[{"href":"https:\/\/www.caglificioclerici.com\/es\/wp-json\/wp\/v2\/pages\/82622","targetHints":{"allow":["GET"]}}],"collection":[{"href":"https:\/\/www.caglificioclerici.com\/es\/wp-json\/wp\/v2\/pages"}],"about":[{"href":"https:\/\/www.caglificioclerici.com\/es\/wp-json\/wp\/v2\/types\/page"}],"author":[{"embeddable":true,"href":"https:\/\/www.caglificioclerici.com\/es\/wp-json\/wp\/v2\/users\/1"}],"replies":[{"embeddable":true,"href":"https:\/\/www.caglificioclerici.com\/es\/wp-json\/wp\/v2\/comments?post=82622"}],"version-history":[{"count":0,"href":"https:\/\/www.caglificioclerici.com\/es\/wp-json\/wp\/v2\/pages\/82622\/revisions"}],"up":[{"embeddable":true,"href":"https:\/\/www.caglificioclerici.com\/es\/wp-json\/wp\/v2\/pages\/83475"}],"wp:featuredmedia":[{"embeddable":true,"href":"https:\/\/www.caglificioclerici.com\/es\/wp-json\/wp\/v2\/media\/82624"}],"wp:attachment":[{"href":"https:\/\/www.caglificioclerici.com\/es\/wp-json\/wp\/v2\/media?parent=82622"}],"curies":[{"name":"wp","href":"https:\/\/api.w.org\/{rel}","templated":true}]}}