{"id":83598,"date":"2020-03-10T00:06:29","date_gmt":"2020-03-09T23:06:29","guid":{"rendered":"https:\/\/www.caglificioclerici.com\/home\/"},"modified":"2025-03-31T15:45:45","modified_gmt":"2025-03-31T13:45:45","slug":"home","status":"publish","type":"page","link":"https:\/\/www.caglificioclerici.com\/es\/","title":{"rendered":"Home"},"content":{"rendered":"<div class=\"wpb-content-wrapper\"><p>[vc_row unlock_row_content=\u00bbyes\u00bb row_height_percent=\u00bb0&#8243; override_padding=\u00bbyes\u00bb h_padding=\u00bb0&#8243; top_padding=\u00bb0&#8243; bottom_padding=\u00bb3&#8243; back_color=\u00bbcolor-xsdn\u00bb overlay_alpha=\u00bb50&#8243; equal_height=\u00bbyes\u00bb gutter_size=\u00bb3&#8243; column_width_percent=\u00bb100&#8243; shift_y=\u00bb0&#8243; z_index=\u00bb0&#8243; el_class=\u00bbclerici-home-box-tb-padding\u00bb css=\u00bb.vc_custom_1569837254425{padding-top: 0px !important;}\u00bb][vc_column column_width_percent=\u00bb100&#8243; position_vertical=\u00bbmiddle\u00bb gutter_size=\u00bb3&#8243; overlay_alpha=\u00bb50&#8243; shift_x=\u00bb0&#8243; shift_y=\u00bb0&#8243; shift_y_down=\u00bb0&#8243; z_index=\u00bb0&#8243; medium_width=\u00bb0&#8243; mobile_width=\u00bb0&#8243; width=\u00bb1\/3&#8243;][vc_single_image media=\u00bb80137&#8243; media_width_percent=\u00bb100&#8243; css_animation=\u00bbleft-t-right\u00bb][\/vc_column][vc_column column_width_percent=\u00bb100&#8243; position_vertical=\u00bbmiddle\u00bb align_horizontal=\u00bbalign_center\u00bb gutter_size=\u00bb3&#8243; overlay_alpha=\u00bb50&#8243; shift_x=\u00bb0&#8243; shift_y=\u00bb0&#8243; shift_y_down=\u00bb0&#8243; z_index=\u00bb0&#8243; medium_width=\u00bb0&#8243; mobile_width=\u00bb0&#8243; width=\u00bb1\/3&#8243; el_class=\u00bbclerici-home-box-side-padding\u00bb][vc_custom_heading text_font=\u00bbfont-363600&#8243; text_weight=\u00bb400&#8243; text_color=\u00bbcolor-jevc\u00bb]El cuajo[\/vc_custom_heading][vc_custom_heading heading_semantic=\u00bbp\u00bb text_size=\u00bbh4&#8243;]El cuajo Clerici es un complejo enzim\u00e1tico natural que coagula la leche para la producci\u00f3n de quesos de alta calidad como DOP, IGP, AOP y AOC.[\/vc_custom_heading][vc_empty_space empty_h=\u00bb2&#8243;][vc_button button_color=\u00bbaccent\u00bb outline=\u00bbyes\u00bb border_width=\u00bb0&#8243; css_animation=\u00bbalpha-anim\u00bb animation_delay=\u00bb200&#8243; link=\u00bburl:http%3A%2F%2Ftomatolabs.com%2Fdev%2Fcaglificioclerici%2Fes%2Fel-cuajo%2F|title:Cuajo%20l%C3%ADquido|\u00bb]OBTENGA M\u00c1S INFORMACI\u00d3N[\/vc_button][\/vc_column][vc_column column_width_percent=\u00bb100&#8243; position_vertical=\u00bbmiddle\u00bb align_horizontal=\u00bbalign_right\u00bb gutter_size=\u00bb3&#8243; overlay_alpha=\u00bb50&#8243; shift_x=\u00bb0&#8243; shift_y=\u00bb0&#8243; shift_y_down=\u00bb0&#8243; z_index=\u00bb0&#8243; medium_width=\u00bb0&#8243; mobile_width=\u00bb0&#8243; width=\u00bb1\/3&#8243;][vc_single_image media=\u00bb80138&#8243; media_width_percent=\u00bb100&#8243; css_animation=\u00bbright-t-left\u00bb el_class=\u00bbmobile-hidden\u00bb][\/vc_column][\/vc_row][vc_row unlock_row_content=\u00bbyes\u00bb row_height_percent=\u00bb0&#8243; override_padding=\u00bbyes\u00bb h_padding=\u00bb0&#8243; top_padding=\u00bb3&#8243; bottom_padding=\u00bb3&#8243; back_color=\u00bbcolor-xsdn\u00bb overlay_alpha=\u00bb50&#8243; equal_height=\u00bbyes\u00bb gutter_size=\u00bb3&#8243; column_width_percent=\u00bb100&#8243; shift_y=\u00bb0&#8243; z_index=\u00bb0&#8243; el_class=\u00bbclerici-home-box-tb-padding\u00bb][vc_column column_width_percent=\u00bb100&#8243; position_vertical=\u00bbmiddle\u00bb gutter_size=\u00bb3&#8243; overlay_alpha=\u00bb50&#8243; shift_x=\u00bb0&#8243; shift_y=\u00bb0&#8243; shift_y_down=\u00bb0&#8243; z_index=\u00bb0&#8243; medium_width=\u00bb0&#8243; mobile_width=\u00bb0&#8243; width=\u00bb1\/3&#8243;][vc_single_image media=\u00bb80141&#8243; media_width_percent=\u00bb100&#8243; css_animation=\u00bbleft-t-right\u00bb el_class=\u00bbmobile-hidden\u00bb][vc_single_image media=\u00bb80142&#8243; media_width_percent=\u00bb100&#8243; css_animation=\u00bbright-t-left\u00bb el_class=\u00bbdesktop-hidden\u00bb][\/vc_column][vc_column column_width_percent=\u00bb100&#8243; position_vertical=\u00bbmiddle\u00bb align_horizontal=\u00bbalign_center\u00bb gutter_size=\u00bb3&#8243; overlay_alpha=\u00bb50&#8243; shift_x=\u00bb0&#8243; shift_y=\u00bb0&#8243; shift_y_down=\u00bb0&#8243; z_index=\u00bb0&#8243; medium_width=\u00bb0&#8243; mobile_width=\u00bb0&#8243; width=\u00bb1\/3&#8243; el_class=\u00bbclerici-home-box-side-padding\u00bb][vc_custom_heading text_font=\u00bbfont-363600&#8243; text_weight=\u00bb400&#8243; text_color=\u00bbcolor-jevc\u00bb]Ingredientes[\/vc_custom_heading][vc_custom_heading heading_semantic=\u00bbp\u00bb text_size=\u00bbh4&#8243;]Los ingredientes del cuajo Clerici son raros y valiosos, aportan al queso un sabor exquisito y un gusto \u00fanico.[\/vc_custom_heading][vc_empty_space empty_h=\u00bb2&#8243;][vc_button button_color=\u00bbaccent\u00bb outline=\u00bbyes\u00bb border_width=\u00bb0&#8243; css_animation=\u00bbalpha-anim\u00bb animation_delay=\u00bb200&#8243; link=\u00bburl:http%3A%2F%2Ftomatolabs.com%2Fdev%2Fcaglificioclerici%2Fes%2Fingredientes%2F|title:Cuajo%20l%C3%ADquido|\u00bb]OBTENGA M\u00c1S INFORMACI\u00d3N[\/vc_button][\/vc_column][vc_column column_width_percent=\u00bb100&#8243; position_vertical=\u00bbmiddle\u00bb align_horizontal=\u00bbalign_right\u00bb gutter_size=\u00bb3&#8243; overlay_alpha=\u00bb50&#8243; shift_x=\u00bb0&#8243; shift_y=\u00bb0&#8243; shift_y_down=\u00bb0&#8243; z_index=\u00bb0&#8243; medium_width=\u00bb0&#8243; mobile_width=\u00bb0&#8243; width=\u00bb1\/3&#8243;][vc_single_image media=\u00bb80142&#8243; media_width_percent=\u00bb100&#8243; css_animation=\u00bbright-t-left\u00bb el_class=\u00bbmobile-hidden\u00bb][\/vc_column][\/vc_row][vc_row unlock_row_content=\u00bbyes\u00bb row_height_percent=\u00bb0&#8243; override_padding=\u00bbyes\u00bb h_padding=\u00bb0&#8243; top_padding=\u00bb3&#8243; bottom_padding=\u00bb3&#8243; back_color=\u00bbcolor-xsdn\u00bb overlay_alpha=\u00bb50&#8243; equal_height=\u00bbyes\u00bb gutter_size=\u00bb3&#8243; column_width_percent=\u00bb100&#8243; shift_y=\u00bb0&#8243; z_index=\u00bb0&#8243; el_class=\u00bbclerici-home-box-tb-padding\u00bb][vc_column column_width_percent=\u00bb100&#8243; position_vertical=\u00bbmiddle\u00bb gutter_size=\u00bb3&#8243; overlay_alpha=\u00bb50&#8243; shift_x=\u00bb0&#8243; shift_y=\u00bb0&#8243; shift_y_down=\u00bb0&#8243; z_index=\u00bb0&#8243; medium_width=\u00bb0&#8243; mobile_width=\u00bb0&#8243; width=\u00bb1\/3&#8243;][vc_single_image media=\u00bb80145&#8243; media_width_percent=\u00bb100&#8243; css_animation=\u00bbleft-t-right\u00bb][\/vc_column][vc_column column_width_percent=\u00bb100&#8243; position_vertical=\u00bbmiddle\u00bb align_horizontal=\u00bbalign_center\u00bb gutter_size=\u00bb3&#8243; overlay_alpha=\u00bb50&#8243; shift_x=\u00bb0&#8243; shift_y=\u00bb0&#8243; shift_y_down=\u00bb0&#8243; z_index=\u00bb0&#8243; medium_width=\u00bb0&#8243; mobile_width=\u00bb0&#8243; width=\u00bb1\/3&#8243; el_class=\u00bbclerici-home-box-side-padding\u00bb][vc_custom_heading text_font=\u00bbfont-363600&#8243; text_weight=\u00bb400&#8243; text_color=\u00bbcolor-jevc\u00bb]Quienes somos[\/vc_custom_heading][vc_custom_heading heading_semantic=\u00bbp\u00bb text_size=\u00bbh4&#8243;]La historia del Caglificio Clerici es la historia de la familia Clerici, hoy conocida como la familia Verga. 150 a\u00f1os de pasi\u00f3n por la calidad, investigaci\u00f3n y desarrollo made in Italy.[\/vc_custom_heading][vc_empty_space empty_h=\u00bb2&#8243;][vc_button button_color=\u00bbaccent\u00bb outline=\u00bbyes\u00bb border_width=\u00bb0&#8243; css_animation=\u00bbalpha-anim\u00bb animation_delay=\u00bb200&#8243; link=\u00bburl:http%3A%2F%2Ftomatolabs.com%2Fdev%2Fcaglificioclerici%2Fes%2Fquienes-somos%2F|title:Cuajo%20l%C3%ADquido|\u00bb]OBTENGA M\u00c1S INFORMACI\u00d3N[\/vc_button][\/vc_column][vc_column column_width_percent=\u00bb100&#8243; position_vertical=\u00bbmiddle\u00bb align_horizontal=\u00bbalign_right\u00bb gutter_size=\u00bb3&#8243; overlay_alpha=\u00bb50&#8243; shift_x=\u00bb0&#8243; shift_y=\u00bb0&#8243; shift_y_down=\u00bb0&#8243; z_index=\u00bb0&#8243; medium_width=\u00bb0&#8243; mobile_width=\u00bb0&#8243; width=\u00bb1\/3&#8243;][vc_single_image media=\u00bb80146&#8243; media_width_percent=\u00bb100&#8243; css_animation=\u00bbright-t-left\u00bb el_class=\u00bbmobile-hidden\u00bb][\/vc_column][\/vc_row][vc_row row_height_percent=\u00bb0&#8243; override_padding=\u00bbyes\u00bb h_padding=\u00bb2&#8243; top_padding=\u00bb3&#8243; bottom_padding=\u00bb3&#8243; back_color=\u00bbcolor-lxmt\u00bb overlay_alpha=\u00bb50&#8243; gutter_size=\u00bb0&#8243; column_width_percent=\u00bb100&#8243; shift_y=\u00bb0&#8243; z_index=\u00bb0&#8243; el_class=\u00bbclerici-home-box-tb-padding carosello\u00bb][vc_column column_width_percent=\u00bb100&#8243; position_vertical=\u00bbmiddle\u00bb align_horizontal=\u00bbalign_center\u00bb gutter_size=\u00bb3&#8243; override_padding=\u00bbyes\u00bb column_padding=\u00bb3&#8243; overlay_alpha=\u00bb50&#8243; border_color=\u00bbcolor-gyho\u00bb border_style=\u00bbsolid\u00bb shift_x=\u00bb0&#8243; shift_y=\u00bb0&#8243; shift_y_down=\u00bb0&#8243; z_index=\u00bb0&#8243; medium_width=\u00bb0&#8243; mobile_width=\u00bb0&#8243; width=\u00bb1\/1&#8243;][vc_custom_heading text_font=\u00bbfont-363600&#8243; text_weight=\u00bb400&#8243; text_color=\u00bbcolor-jevc\u00bb]Certificaciones[\/vc_custom_heading][vc_custom_heading heading_semantic=\u00bbp\u00bb text_size=\u00bbh4&#8243;]El Caglificio Clerici ha obtenido las certificaciones internacionales m\u00e1s importantes en el sector de la alimentaci\u00f3n, religi\u00f3n y seguridad.[\/vc_custom_heading][vc_empty_space empty_h=\u00bb2&#8243; el_class=\u00bbclerici-hide-mobile\u00bb][vc_gallery el_id=\u00bbgallery-340200&#8243; type=\u00bbcarousel\u00bb medias=\u00bb79908,79910,79912,79915&#8243; carousel_lg=\u00bb4&#8243; carousel_md=\u00bb3&#8243; carousel_sm=\u00bb2&#8243; gutter_size=\u00bb2&#8243; media_items=\u00bbmedia|nolink|original\u00bb carousel_v_align=\u00bbmiddle\u00bb carousel_interval=\u00bb3000&#8243; carousel_navspeed=\u00bb400&#8243; carousel_loop=\u00bbyes\u00bb stage_padding=\u00bb0&#8243; single_overlay_opacity=\u00bb50&#8243; single_text_anim=\u00bbno\u00bb single_overlay_anim=\u00bbno\u00bb single_image_anim=\u00bbno\u00bb single_padding=\u00bb2&#8243; single_border=\u00bbyes\u00bb][vc_empty_space empty_h=\u00bb2&#8243; el_class=\u00bbclerici-hide-mobile\u00bb][vc_button button_color=\u00bbaccent\u00bb outline=\u00bbyes\u00bb border_width=\u00bb0&#8243; css_animation=\u00bbalpha-anim\u00bb animation_delay=\u00bb200&#8243; link=\u00bburl:http%3A%2F%2Ftomatolabs.com%2Fdev%2Fcaglificioclerici%2Fes%2Fcertificaciones%2F|title:Certificaciones|\u00bb]ACCEDER[\/vc_button][\/vc_column][\/vc_row][vc_row unlock_row_content=\u00bbyes\u00bb row_height_percent=\u00bb0&#8243; override_padding=\u00bbyes\u00bb h_padding=\u00bb0&#8243; top_padding=\u00bb3&#8243; bottom_padding=\u00bb3&#8243; back_color=\u00bbcolor-xsdn\u00bb overlay_alpha=\u00bb50&#8243; equal_height=\u00bbyes\u00bb gutter_size=\u00bb3&#8243; column_width_percent=\u00bb100&#8243; shift_y=\u00bb0&#8243; z_index=\u00bb0&#8243; el_class=\u00bbclerici-home-box-tb-padding\u00bb][vc_column column_width_percent=\u00bb100&#8243; position_vertical=\u00bbmiddle\u00bb gutter_size=\u00bb3&#8243; overlay_alpha=\u00bb50&#8243; shift_x=\u00bb0&#8243; shift_y=\u00bb0&#8243; shift_y_down=\u00bb0&#8243; z_index=\u00bb0&#8243; medium_width=\u00bb0&#8243; mobile_width=\u00bb0&#8243; width=\u00bb1\/3&#8243;][vc_single_image media=\u00bb80149&#8243; media_width_percent=\u00bb100&#8243; css_animation=\u00bbleft-t-right\u00bb][\/vc_column][vc_column column_width_percent=\u00bb100&#8243; position_vertical=\u00bbmiddle\u00bb align_horizontal=\u00bbalign_center\u00bb gutter_size=\u00bb3&#8243; overlay_alpha=\u00bb50&#8243; shift_x=\u00bb0&#8243; shift_y=\u00bb0&#8243; shift_y_down=\u00bb0&#8243; z_index=\u00bb0&#8243; medium_width=\u00bb0&#8243; mobile_width=\u00bb0&#8243; width=\u00bb1\/3&#8243; el_class=\u00bbclerici-home-box-side-padding\u00bb][vc_custom_heading text_font=\u00bbfont-363600&#8243; text_weight=\u00bb400&#8243; text_color=\u00bbcolor-jevc\u00bb]Otros<br \/>\nproductos[\/vc_custom_heading][vc_custom_heading heading_semantic=\u00bbp\u00bb text_size=\u00bbh4&#8243;]El Caglificio Clerici propone a las queser\u00edas una gran cantidad de productos para satisfacer toda exigencia t\u00e9cnica y espec\u00edfica.[\/vc_custom_heading][vc_empty_space empty_h=\u00bb2&#8243;][vc_button button_color=\u00bbaccent\u00bb outline=\u00bbyes\u00bb border_width=\u00bb0&#8243; css_animation=\u00bbalpha-anim\u00bb animation_delay=\u00bb200&#8243; link=\u00bburl:http%3A%2F%2Ftomatolabs.com%2Fdev%2Fcaglificioclerici%2Fes%2Fotros-productos%2F|title:Cuajo%20l%C3%ADquido|\u00bb]OBTENGA M\u00c1S INFORMACI\u00d3N[\/vc_button][\/vc_column][vc_column column_width_percent=\u00bb100&#8243; position_vertical=\u00bbmiddle\u00bb align_horizontal=\u00bbalign_right\u00bb gutter_size=\u00bb3&#8243; overlay_alpha=\u00bb50&#8243; shift_x=\u00bb0&#8243; shift_y=\u00bb0&#8243; shift_y_down=\u00bb0&#8243; z_index=\u00bb0&#8243; medium_width=\u00bb0&#8243; mobile_width=\u00bb0&#8243; width=\u00bb1\/3&#8243;][vc_single_image media=\u00bb80150&#8243; media_width_percent=\u00bb100&#8243; css_animation=\u00bbright-t-left\u00bb el_class=\u00bbmobile-hidden\u00bb][\/vc_column][\/vc_row][vc_row row_height_percent=\u00bb0&#8243; override_padding=\u00bbyes\u00bb h_padding=\u00bb2&#8243; top_padding=\u00bb3&#8243; bottom_padding=\u00bb3&#8243; back_color=\u00bbcolor-lxmt\u00bb overlay_alpha=\u00bb50&#8243; gutter_size=\u00bb0&#8243; column_width_percent=\u00bb100&#8243; shift_y=\u00bb0&#8243; z_index=\u00bb0&#8243; el_class=\u00bbclerici-home-box-tb-padding carosello\u00bb][vc_column column_width_percent=\u00bb100&#8243; position_vertical=\u00bbmiddle\u00bb align_horizontal=\u00bbalign_center\u00bb gutter_size=\u00bb3&#8243; override_padding=\u00bbyes\u00bb column_padding=\u00bb4&#8243; overlay_alpha=\u00bb50&#8243; border_color=\u00bbcolor-gyho\u00bb border_style=\u00bbsolid\u00bb shift_x=\u00bb0&#8243; shift_y=\u00bb0&#8243; shift_y_down=\u00bb0&#8243; z_index=\u00bb0&#8243; medium_width=\u00bb0&#8243; mobile_width=\u00bb0&#8243; width=\u00bb1\/1&#8243;][vc_custom_heading text_font=\u00bbfont-363600&#8243; text_weight=\u00bb400&#8243; text_color=\u00bbcolor-jevc\u00bb]Colaboradores[\/vc_custom_heading][vc_custom_heading heading_semantic=\u00bbp\u00bb text_size=\u00bbh4&#8243;]Empresas asociadas que colaboran con nosotros y que creen en la calidad tanto de nuestros productos como de los servicios ofrecidos.[\/vc_custom_heading][vc_empty_space empty_h=\u00bb2&#8243; el_class=\u00bbclerici-hide-mobile\u00bb][vc_gallery el_id=\u00bbgallery-213367&#8243; type=\u00bbcarousel\u00bb medias=\u00bb79932,79933,79934,79935,79936,79937,79938,79939,79940,79942,79941,79943,79944,79945,79946,79947&#8243; carousel_lg=\u00bb4&#8243; carousel_md=\u00bb3&#8243; carousel_sm=\u00bb2&#8243; gutter_size=\u00bb2&#8243; media_items=\u00bbmedia|nolink|original\u00bb carousel_v_align=\u00bbmiddle\u00bb carousel_interval=\u00bb3000&#8243; carousel_navspeed=\u00bb400&#8243; carousel_loop=\u00bbyes\u00bb stage_padding=\u00bb0&#8243; single_overlay_opacity=\u00bb50&#8243; single_text_anim=\u00bbno\u00bb single_overlay_anim=\u00bbno\u00bb single_image_anim=\u00bbno\u00bb single_padding=\u00bb2&#8243; single_border=\u00bbyes\u00bb items=\u00bbeyI3OTA0MF9pIjp7InNpbmdsZV9pY29uIjoiIiwic2luZ2xlX2xpbmsiOiJ1cmw6aHR0cCUzQSUyRiUyRnd3dy5hcmlvbGlhY2hpbGxlLmNvbSUyRnx8dGFyZ2V0OiUyMF9ibGFua3wifSwiNzkwMzhfaSI6eyJzaW5nbGVfbGluayI6InVybDpodHRwJTNBJTJGJTJGd3d3LmFsaXZhbC5pdCUyRnx8dGFyZ2V0OiUyMF9ibGFua3wifSwiNzkwMzlfaSI6eyJzaW5nbGVfbGluayI6InVybDpodHRwcyUzQSUyRiUyRmJpcmFnaGkuaXQlMkZ8fHRhcmdldDolMjBfYmxhbmt8In0sIjc5MDQxX2kiOnsic2luZ2xlX2xpbmsiOiJ1cmw6aHR0cCUzQSUyRiUyRnd3dy5jYXNlaWZpY2lvZm9yZXN0aS5pdCUyRnx8dGFyZ2V0OiUyMF9ibGFua3wifSwiNzkwNDJfaSI6eyJzaW5nbGVfbGluayI6InVybDpodHRwJTNBJTJGJTJGd3d3Lm9pb2xpLml0JTJGfHx0YXJnZXQ6JTIwX2JsYW5rfCJ9LCI3OTUwMl9pIjp7InNpbmdsZV9saW5rIjoidXJsOmh0dHBzJTNBJTJGJTJGd3d3LmxhdHRlYnVzY2hlLmNvbSUyRnx8dGFyZ2V0OiUyMF9ibGFua3wifSwiNzk2MTJfaSI6eyJzaW5nbGVfbGluayI6InVybDpodHRwJTNBJTJGJTJGd3d3LmJhc3NpZm9ybWFnZ2kuaXQlMkZ8fHRhcmdldDolMjBfYmxhbmt8In0sIjc5NzY5X2kiOnsic2luZ2xlX2xpbmsiOiJ1cmw6aHR0cHMlM0ElMkYlMkZsYXR0ZXJpYWRpY2FtZXJpLml0JTJGfHx0YXJnZXQ6JTIwX2JsYW5rfCJ9LCI3OTg4Nl9pIjp7InNpbmdsZV9saW5rIjoidXJsOmh0dHAlM0ElMkYlMkZ3d3cub2lvbGkuaXQlMkZ8fHRhcmdldDolMjBfYmxhbmt8In0sIjc5ODg4X2kiOnsic2luZ2xlX2xpbmsiOiJ1cmw6aHR0cHMlM0ElMkYlMkZsYXR0ZXJpYWRpY2FtZXJpLml0JTJGfHx0YXJnZXQ6JTIwX2JsYW5rfCJ9LCI3OTg3Nl9pIjp7InNpbmdsZV9saW5rIjoidXJsOmh0dHAlM0ElMkYlMkZ3d3cuYmFzc2lmb3JtYWdnaS5pdCUyRnx8dGFyZ2V0OiUyMF9ibGFua3wifSwiNzk4ODVfaSI6eyJzaW5nbGVfbGluayI6InVybDpodHRwJTNBJTJGJTJGd3d3LmxpbnJvcy1pbnRlcmluc3Vtb3MuY29tJTJGfHx0YXJnZXQ6JTIwX2JsYW5rfCJ9LCI3OTg4NF9pIjp7InNpbmdsZV9saW5rIjoidXJsOmh0dHBzJTNBJTJGJTJGd3d3LmxhdHRlYnVzY2hlLmNvbSUyRnx8dGFyZ2V0OiUyMF9ibGFua3wifSwiNzk4ODNfaSI6eyJzaW5nbGVfbGluayI6InVybDpodHRwJTNBJTJGJTJGd3d3LmNhc2VpZmljaW9mb3Jlc3RpLml0JTJGfHx0YXJnZXQ6JTIwX2JsYW5rfCJ9LCI3OTg4MV9pIjp7InNpbmdsZV9saW5rIjoidXJsOmh0dHAlM0ElMkYlMkZ3d3cuYXJpb2xpYWNoaWxsZS5jb20lMkZ8fHRhcmdldDolMjBfYmxhbmt8In0sIjc5ODgwX2kiOnsic2luZ2xlX2xpbmsiOiJ1cmw6aHR0cHMlM0ElMkYlMkZ3d3cuY2FzZWlmaWNpb2J1c3RpLml0JTJGfHx0YXJnZXQ6JTIwX2JsYW5rfCJ9LCI3OTg3OF9pIjp7InNpbmdsZV9saW5rIjoidXJsOmh0dHBzJTNBJTJGJTJGYmlyYWdoaS5pdCUyRnx8dGFyZ2V0OiUyMF9ibGFua3wifSwiNzk4NzdfaSI6eyJzaW5nbGVfbGluayI6InVybDpodHRwJTNBJTJGJTJGYmlvdml0YWxpdmUuY29tJTJGfHx0YXJnZXQ6JTIwX2JsYW5rfCJ9fQ==\u00bb][vc_empty_space empty_h=\u00bb2&#8243; el_class=\u00bbclerici-hide-mobile\u00bb][vc_button button_color=\u00bbaccent\u00bb outline=\u00bbyes\u00bb border_width=\u00bb0&#8243; css_animation=\u00bbalpha-anim\u00bb animation_delay=\u00bb200&#8243; link=\u00bburl:http%3A%2F%2Ftomatolabs.com%2Fdev%2Fcaglificioclerici%2Fes%2Fquienes-somos%2Fpartners%2F|title:Colaboradores|\u00bb]ACCEDER[\/vc_button][\/vc_column][\/vc_row][vc_row row_height_percent=\u00bb0&#8243; override_padding=\u00bbyes\u00bb h_padding=\u00bb2&#8243; top_padding=\u00bb3&#8243; bottom_padding=\u00bb3&#8243; overlay_alpha=\u00bb50&#8243; gutter_size=\u00bb3&#8243; column_width_percent=\u00bb100&#8243; shift_y=\u00bb0&#8243; z_index=\u00bb0&#8243; desktop_visibility=\u00bbyes\u00bb medium_visibility=\u00bbyes\u00bb mobile_visibility=\u00bbyes\u00bb inverted_device_order=\u00bbyes\u00bb el_class=\u00bbclerici-home-box-t-padding\u00bb css=\u00bb.vc_custom_1584541027757{padding-top: 60px !important;padding-bottom: 60px !important;}\u00bb shape_dividers=\u00bb\u00bb][vc_column column_width_percent=\u00bb100&#8243; position_vertical=\u00bbmiddle\u00bb align_horizontal=\u00bbalign_right\u00bb gutter_size=\u00bb3&#8243; overlay_alpha=\u00bb50&#8243; border_color=\u00bbcolor-lxmt\u00bb border_style=\u00bbsolid\u00bb shift_x=\u00bb0&#8243; shift_y=\u00bb0&#8243; shift_y_down=\u00bb0&#8243; z_index=\u00bb0&#8243; align_medium=\u00bbalign_left_tablet\u00bb medium_width=\u00bb0&#8243; align_mobile=\u00bbalign_left_mobile\u00bb mobile_width=\u00bb0&#8243; width=\u00bb1\/2&#8243; css=\u00bb.vc_custom_1569843929954{border-right-width: 1px !important;padding-right: 36px !important;}\u00bb el_class=\u00bbhomebox-articolo&#8211;left\u00bb][vc_custom_heading text_font=\u00bbfont-363600&#8243; text_weight=\u00bb400&#8243; text_color=\u00bbcolor-jevc\u00bb]Blog[\/vc_custom_heading][vc_custom_heading heading_semantic=\u00bbp\u00bb text_size=\u00bbh4&#8243;]Caglificio Clerici les propone reflexiones,<br \/>\nsugerencias y las \u00faltimas novedades del sector.[\/vc_custom_heading][vc_empty_space empty_h=\u00bb2&#8243; el_class=\u00bbclerici-hide-mobile\u00bb][uncode_index el_id=\u00bbindex-39553&#8243; index_type=\u00bbcarousel\u00bb loop=\u00bbsize:8|order_by:date|post_type:post\u00bb carousel_lg=\u00bb1&#8243; carousel_md=\u00bb1&#8243; carousel_sm=\u00bb1&#8243; thumb_size=\u00bbsixteen-nine\u00bb gutter_size=\u00bb3&#8243; post_items=\u00bbmedia|featured|onpost|original,title\u00bb ricetta_items=\u00bbmedia|featured|onpost|original,title,category|nobg|relative|display-icon\u00bb carousel_height=\u00bbequal\u00bb carousel_interval=\u00bb3000&#8243; carousel_navspeed=\u00bb700&#8243; carousel_loop=\u00bbyes\u00bb carousel_nav=\u00bbyes\u00bb carousel_dots_inside=\u00bbyes\u00bb stage_padding=\u00bb0&#8243; single_overlay_opacity=\u00bb50&#8243; single_padding=\u00bb2&#8243; single_title_dimension=\u00bbh3&#8243; single_border=\u00bbyes\u00bb single_css_animation=\u00bbalpha-anim\u00bb][vc_empty_space empty_h=\u00bb2&#8243; el_class=\u00bbclerici-hide-mobile\u00bb][vc_button button_color=\u00bbaccent\u00bb outline=\u00bbyes\u00bb border_width=\u00bb0&#8243; css_animation=\u00bbalpha-anim\u00bb animation_delay=\u00bb200&#8243; link=\u00bburl:http%3A%2F%2Ftomatolabs.com%2Fdev%2Fcaglificioclerici%2Fes%2Fblog-2%2F|title:Blog|\u00bb]ACCEDER[\/vc_button][\/vc_column][vc_column column_width_percent=\u00bb100&#8243; gutter_size=\u00bb3&#8243; overlay_alpha=\u00bb50&#8243; shift_x=\u00bb0&#8243; shift_y=\u00bb0&#8243; shift_y_down=\u00bb0&#8243; z_index=\u00bb0&#8243; align_medium=\u00bbalign_left_tablet\u00bb medium_width=\u00bb0&#8243; align_mobile=\u00bbalign_left_mobile\u00bb mobile_width=\u00bb0&#8243; width=\u00bb1\/2&#8243; css=\u00bb.vc_custom_1569843949970{padding-right: 36px !important;}\u00bb][vc_custom_heading text_font=\u00bbfont-363600&#8243; text_weight=\u00bb400&#8243; text_color=\u00bbcolor-jevc\u00bb]En cocina[\/vc_custom_heading][vc_custom_heading heading_semantic=\u00bbp\u00bb text_size=\u00bbh4&#8243;]Divi\u00e9rtase en la cocina gracias a una selecci\u00f3n de las mejores recetas de las excelencias queseras italianas.[\/vc_custom_heading][vc_empty_space empty_h=\u00bb2&#8243; el_class=\u00bbclerici-hide-mobile\u00bb][uncode_index el_id=\u00bbindex-39554&#8243; index_type=\u00bbcarousel\u00bb loop=\u00bbsize:2|order_by:date|post_type:ricetta\u00bb carousel_lg=\u00bb1&#8243; carousel_md=\u00bb1&#8243; carousel_sm=\u00bb1&#8243; thumb_size=\u00bbsixteen-nine\u00bb gutter_size=\u00bb3&#8243; post_items=\u00bbmedia|featured|onpost|original,date,title,text|full|100&#8243; ricetta_items=\u00bbmedia|featured|onpost|original,title\u00bb carousel_height=\u00bbequal\u00bb carousel_interval=\u00bb3000&#8243; carousel_navspeed=\u00bb700&#8243; carousel_loop=\u00bbyes\u00bb carousel_nav=\u00bbyes\u00bb stage_padding=\u00bb0&#8243; single_overlay_opacity=\u00bb50&#8243; single_padding=\u00bb2&#8243; single_title_dimension=\u00bbh3&#8243; single_border=\u00bbyes\u00bb single_css_animation=\u00bbalpha-anim\u00bb][vc_empty_space empty_h=\u00bb2&#8243; el_class=\u00bbclerici-hide-mobile\u00bb][vc_button button_color=\u00bbaccent\u00bb outline=\u00bbyes\u00bb border_width=\u00bb0&#8243; css_animation=\u00bbalpha-anim\u00bb animation_delay=\u00bb200&#8243; link=\u00bburl:http%3A%2F%2Ftomatolabs.com%2Fdev%2Fcaglificioclerici%2Fes%2Fquienes-somos%2Fen-la-cocina%2F|title:Blog|\u00bb]ACCEDER[\/vc_button][\/vc_column][\/vc_row]<\/p>\n<\/div>","protected":false},"excerpt":{"rendered":"<p>[vc_row unlock_row_content=\u00bbyes\u00bb row_height_percent=\u00bb0&#8243; override_padding=\u00bbyes\u00bb h_padding=\u00bb0&#8243; top_padding=\u00bb0&#8243; bottom_padding=\u00bb3&#8243; back_color=\u00bbcolor-xsdn\u00bb overlay_alpha=\u00bb50&#8243; equal_height=\u00bbyes\u00bb gutter_size=\u00bb3&#8243; column_width_percent=\u00bb100&#8243; shift_y=\u00bb0&#8243; z_index=\u00bb0&#8243; el_class=\u00bbclerici-home-box-tb-padding\u00bb css=\u00bb.vc_custom_1569837254425{padding-top: 0px !important;}\u00bb][vc_column column_width_percent=\u00bb100&#8243; position_vertical=\u00bbmiddle\u00bb [&hellip;]<\/p>\n","protected":false},"author":1,"featured_media":0,"parent":0,"menu_order":0,"comment_status":"closed","ping_status":"closed","template":"","meta":{"_acf_changed":false,"footnotes":""},"class_list":["post-83598","page","type-page","status-publish","hentry"],"acf":[],"_links":{"self":[{"href":"https:\/\/www.caglificioclerici.com\/es\/wp-json\/wp\/v2\/pages\/83598","targetHints":{"allow":["GET"]}}],"collection":[{"href":"https:\/\/www.caglificioclerici.com\/es\/wp-json\/wp\/v2\/pages"}],"about":[{"href":"https:\/\/www.caglificioclerici.com\/es\/wp-json\/wp\/v2\/types\/page"}],"author":[{"embeddable":true,"href":"https:\/\/www.caglificioclerici.com\/es\/wp-json\/wp\/v2\/users\/1"}],"replies":[{"embeddable":true,"href":"https:\/\/www.caglificioclerici.com\/es\/wp-json\/wp\/v2\/comments?post=83598"}],"version-history":[{"count":1,"href":"https:\/\/www.caglificioclerici.com\/es\/wp-json\/wp\/v2\/pages\/83598\/revisions"}],"predecessor-version":[{"id":106026,"href":"https:\/\/www.caglificioclerici.com\/es\/wp-json\/wp\/v2\/pages\/83598\/revisions\/106026"}],"wp:attachment":[{"href":"https:\/\/www.caglificioclerici.com\/es\/wp-json\/wp\/v2\/media?parent=83598"}],"curies":[{"name":"wp","href":"https:\/\/api.w.org\/{rel}","templated":true}]}}