{"id":83596,"date":"2020-03-10T00:00:29","date_gmt":"2020-03-09T23:00:29","guid":{"rendered":"https:\/\/www.caglificioclerici.com\/home\/"},"modified":"2025-03-31T15:44:56","modified_gmt":"2025-03-31T13:44:56","slug":"home","status":"publish","type":"page","link":"https:\/\/www.caglificioclerici.com\/fr\/","title":{"rendered":"Home"},"content":{"rendered":"<div class=\"wpb-content-wrapper\"><p>[vc_row unlock_row_content=&#8221;yes&#8221; row_height_percent=&#8221;0&#8243; override_padding=&#8221;yes&#8221; h_padding=&#8221;0&#8243; top_padding=&#8221;0&#8243; bottom_padding=&#8221;3&#8243; back_color=&#8221;color-xsdn&#8221; overlay_alpha=&#8221;50&#8243; equal_height=&#8221;yes&#8221; gutter_size=&#8221;3&#8243; column_width_percent=&#8221;100&#8243; shift_y=&#8221;0&#8243; z_index=&#8221;0&#8243; el_class=&#8221;clerici-home-box-tb-padding&#8221; css=&#8221;.vc_custom_1569837254425{padding-top: 0px !important;}&#8221;][vc_column column_width_percent=&#8221;100&#8243; position_vertical=&#8221;middle&#8221; gutter_size=&#8221;3&#8243; overlay_alpha=&#8221;50&#8243; shift_x=&#8221;0&#8243; shift_y=&#8221;0&#8243; shift_y_down=&#8221;0&#8243; z_index=&#8221;0&#8243; medium_width=&#8221;0&#8243; mobile_width=&#8221;0&#8243; width=&#8221;1\/3&#8243;][vc_single_image media=&#8221;80137&#8243; media_width_percent=&#8221;100&#8243; css_animation=&#8221;left-t-right&#8221;][\/vc_column][vc_column column_width_percent=&#8221;100&#8243; position_vertical=&#8221;middle&#8221; align_horizontal=&#8221;align_center&#8221; gutter_size=&#8221;3&#8243; overlay_alpha=&#8221;50&#8243; shift_x=&#8221;0&#8243; shift_y=&#8221;0&#8243; shift_y_down=&#8221;0&#8243; z_index=&#8221;0&#8243; medium_width=&#8221;0&#8243; mobile_width=&#8221;0&#8243; width=&#8221;1\/3&#8243; el_class=&#8221;clerici-home-box-side-padding&#8221;][vc_custom_heading text_font=&#8221;font-363600&#8243; text_weight=&#8221;400&#8243; text_color=&#8221;color-jevc&#8221;]La presure[\/vc_custom_heading][vc_custom_heading heading_semantic=&#8221;p&#8221; text_size=&#8221;h4&#8243;]La pr\u00e9sure Clerici est un complexe enzymatique naturel pour la production de fromages de haute qualit\u00e9 DOP, IGP, AOP et AOC.[\/vc_custom_heading][vc_empty_space empty_h=&#8221;2&#8243;][vc_button button_color=&#8221;accent&#8221; outline=&#8221;yes&#8221; border_width=&#8221;0&#8243; css_animation=&#8221;alpha-anim&#8221; animation_delay=&#8221;200&#8243; link=&#8221;url:http%3A%2F%2Ftomatolabs.com%2Fdev%2Fcaglificioclerici%2Ffr%2Fla-presure%2F|title:Flussiges%20Lab|&#8221;]EN SAVOIR PLUS[\/vc_button][\/vc_column][vc_column column_width_percent=&#8221;100&#8243; position_vertical=&#8221;middle&#8221; align_horizontal=&#8221;align_right&#8221; gutter_size=&#8221;3&#8243; overlay_alpha=&#8221;50&#8243; shift_x=&#8221;0&#8243; shift_y=&#8221;0&#8243; shift_y_down=&#8221;0&#8243; z_index=&#8221;0&#8243; medium_width=&#8221;0&#8243; mobile_width=&#8221;0&#8243; width=&#8221;1\/3&#8243;][vc_single_image media=&#8221;80138&#8243; media_width_percent=&#8221;100&#8243; css_animation=&#8221;right-t-left&#8221; el_class=&#8221;mobile-hidden&#8221;][\/vc_column][\/vc_row][vc_row unlock_row_content=&#8221;yes&#8221; row_height_percent=&#8221;0&#8243; override_padding=&#8221;yes&#8221; h_padding=&#8221;0&#8243; top_padding=&#8221;3&#8243; bottom_padding=&#8221;3&#8243; back_color=&#8221;color-xsdn&#8221; overlay_alpha=&#8221;50&#8243; equal_height=&#8221;yes&#8221; gutter_size=&#8221;3&#8243; column_width_percent=&#8221;100&#8243; shift_y=&#8221;0&#8243; z_index=&#8221;0&#8243; el_class=&#8221;clerici-home-box-tb-padding&#8221;][vc_column column_width_percent=&#8221;100&#8243; position_vertical=&#8221;middle&#8221; gutter_size=&#8221;3&#8243; overlay_alpha=&#8221;50&#8243; shift_x=&#8221;0&#8243; shift_y=&#8221;0&#8243; shift_y_down=&#8221;0&#8243; z_index=&#8221;0&#8243; medium_width=&#8221;0&#8243; mobile_width=&#8221;0&#8243; width=&#8221;1\/3&#8243;][vc_single_image media=&#8221;80141&#8243; media_width_percent=&#8221;100&#8243; css_animation=&#8221;left-t-right&#8221; el_class=&#8221;mobile-hidden&#8221;][vc_single_image media=&#8221;80142&#8243; media_width_percent=&#8221;100&#8243; css_animation=&#8221;right-t-left&#8221; el_class=&#8221;desktop-hidden&#8221;][\/vc_column][vc_column column_width_percent=&#8221;100&#8243; position_vertical=&#8221;middle&#8221; align_horizontal=&#8221;align_center&#8221; gutter_size=&#8221;3&#8243; overlay_alpha=&#8221;50&#8243; shift_x=&#8221;0&#8243; shift_y=&#8221;0&#8243; shift_y_down=&#8221;0&#8243; z_index=&#8221;0&#8243; medium_width=&#8221;0&#8243; mobile_width=&#8221;0&#8243; width=&#8221;1\/3&#8243; el_class=&#8221;clerici-home-box-side-padding&#8221;][vc_custom_heading text_font=&#8221;font-363600&#8243; text_weight=&#8221;400&#8243; text_color=&#8221;color-jevc&#8221;]Ingredients[\/vc_custom_heading][vc_custom_heading heading_semantic=&#8221;p&#8221; text_size=&#8221;h4&#8243;]Les ingr\u00e9dients de la pr\u00e9sure Clerici sont rares et pr\u00e9cieux, ils donnent au fromage un go\u00fbt riche et unique.[\/vc_custom_heading][vc_empty_space empty_h=&#8221;2&#8243;][vc_button button_color=&#8221;accent&#8221; outline=&#8221;yes&#8221; border_width=&#8221;0&#8243; css_animation=&#8221;alpha-anim&#8221; animation_delay=&#8221;200&#8243; link=&#8221;url:http%3A%2F%2Ftomatolabs.com%2Fdev%2Fcaglificioclerici%2Ffr%2Fingredients%2F|title:Flussiges%20Lab|&#8221;]EN SAVOIR PLUS[\/vc_button][\/vc_column][vc_column column_width_percent=&#8221;100&#8243; position_vertical=&#8221;middle&#8221; align_horizontal=&#8221;align_right&#8221; gutter_size=&#8221;3&#8243; overlay_alpha=&#8221;50&#8243; shift_x=&#8221;0&#8243; shift_y=&#8221;0&#8243; shift_y_down=&#8221;0&#8243; z_index=&#8221;0&#8243; medium_width=&#8221;0&#8243; mobile_width=&#8221;0&#8243; width=&#8221;1\/3&#8243;][vc_single_image media=&#8221;80142&#8243; media_width_percent=&#8221;100&#8243; css_animation=&#8221;right-t-left&#8221; el_class=&#8221;mobile-hidden&#8221;][\/vc_column][\/vc_row][vc_row unlock_row_content=&#8221;yes&#8221; row_height_percent=&#8221;0&#8243; override_padding=&#8221;yes&#8221; h_padding=&#8221;0&#8243; top_padding=&#8221;3&#8243; bottom_padding=&#8221;3&#8243; back_color=&#8221;color-xsdn&#8221; overlay_alpha=&#8221;50&#8243; equal_height=&#8221;yes&#8221; gutter_size=&#8221;3&#8243; column_width_percent=&#8221;100&#8243; shift_y=&#8221;0&#8243; z_index=&#8221;0&#8243; el_class=&#8221;clerici-home-box-tb-padding&#8221;][vc_column column_width_percent=&#8221;100&#8243; position_vertical=&#8221;middle&#8221; gutter_size=&#8221;3&#8243; overlay_alpha=&#8221;50&#8243; shift_x=&#8221;0&#8243; shift_y=&#8221;0&#8243; shift_y_down=&#8221;0&#8243; z_index=&#8221;0&#8243; medium_width=&#8221;0&#8243; mobile_width=&#8221;0&#8243; width=&#8221;1\/3&#8243;][vc_single_image media=&#8221;80145&#8243; media_width_percent=&#8221;100&#8243; css_animation=&#8221;left-t-right&#8221;][\/vc_column][vc_column column_width_percent=&#8221;100&#8243; position_vertical=&#8221;middle&#8221; align_horizontal=&#8221;align_center&#8221; gutter_size=&#8221;3&#8243; overlay_alpha=&#8221;50&#8243; shift_x=&#8221;0&#8243; shift_y=&#8221;0&#8243; shift_y_down=&#8221;0&#8243; z_index=&#8221;0&#8243; medium_width=&#8221;0&#8243; mobile_width=&#8221;0&#8243; width=&#8221;1\/3&#8243; el_class=&#8221;clerici-home-box-side-padding&#8221;][vc_custom_heading text_font=&#8221;font-363600&#8243; text_weight=&#8221;400&#8243; text_color=&#8221;color-jevc&#8221;]Qui sommes-nous[\/vc_custom_heading][vc_custom_heading heading_semantic=&#8221;p&#8221; text_size=&#8221;h4&#8243;]L\u2019histoire du Caglificio Clerici est l\u2019histoire de la famille Clerici, devenue aujourd\u2019hui Verga. 150\u00a0ans de passion pour la qualit\u00e9, la recherche et le d\u00e9veloppement made in Italy.[\/vc_custom_heading][vc_empty_space empty_h=&#8221;2&#8243;][vc_button button_color=&#8221;accent&#8221; outline=&#8221;yes&#8221; border_width=&#8221;0&#8243; css_animation=&#8221;alpha-anim&#8221; animation_delay=&#8221;200&#8243; link=&#8221;url:http%3A%2F%2Ftomatolabs.com%2Fdev%2Fcaglificioclerici%2Ffr%2Fqui-sommes-nous%2F|title:Flussiges%20Lab|&#8221;]EN SAVOIR PLUS[\/vc_button][\/vc_column][vc_column column_width_percent=&#8221;100&#8243; position_vertical=&#8221;middle&#8221; align_horizontal=&#8221;align_right&#8221; gutter_size=&#8221;3&#8243; overlay_alpha=&#8221;50&#8243; shift_x=&#8221;0&#8243; shift_y=&#8221;0&#8243; shift_y_down=&#8221;0&#8243; z_index=&#8221;0&#8243; medium_width=&#8221;0&#8243; mobile_width=&#8221;0&#8243; width=&#8221;1\/3&#8243;][vc_single_image media=&#8221;80146&#8243; media_width_percent=&#8221;100&#8243; css_animation=&#8221;right-t-left&#8221; el_class=&#8221;mobile-hidden&#8221;][\/vc_column][\/vc_row][vc_row row_height_percent=&#8221;0&#8243; override_padding=&#8221;yes&#8221; h_padding=&#8221;2&#8243; top_padding=&#8221;3&#8243; bottom_padding=&#8221;3&#8243; back_color=&#8221;color-lxmt&#8221; overlay_alpha=&#8221;50&#8243; gutter_size=&#8221;0&#8243; column_width_percent=&#8221;100&#8243; shift_y=&#8221;0&#8243; z_index=&#8221;0&#8243; el_class=&#8221;clerici-home-box-tb-padding carosello&#8221;][vc_column column_width_percent=&#8221;100&#8243; position_vertical=&#8221;middle&#8221; align_horizontal=&#8221;align_center&#8221; gutter_size=&#8221;3&#8243; override_padding=&#8221;yes&#8221; column_padding=&#8221;3&#8243; overlay_alpha=&#8221;50&#8243; border_color=&#8221;color-gyho&#8221; border_style=&#8221;solid&#8221; shift_x=&#8221;0&#8243; shift_y=&#8221;0&#8243; shift_y_down=&#8221;0&#8243; z_index=&#8221;0&#8243; medium_width=&#8221;0&#8243; mobile_width=&#8221;0&#8243; width=&#8221;1\/1&#8243;][vc_custom_heading text_font=&#8221;font-363600&#8243; text_weight=&#8221;400&#8243; text_color=&#8221;color-jevc&#8221;]Certifications[\/vc_custom_heading][vc_custom_heading heading_semantic=&#8221;p&#8221; text_size=&#8221;h4&#8243;]Caglificio Clerici a obtenu les plus importantes qualifications internationales alimentaires, religieuses et de s\u00e9curit\u00e9.[\/vc_custom_heading][vc_empty_space empty_h=&#8221;2&#8243; el_class=&#8221;clerici-hide-mobile&#8221;][vc_gallery el_id=&#8221;gallery-340200&#8243; type=&#8221;carousel&#8221; medias=&#8221;79908,79910,79912,79915&#8243; carousel_lg=&#8221;4&#8243; carousel_md=&#8221;3&#8243; carousel_sm=&#8221;2&#8243; gutter_size=&#8221;2&#8243; media_items=&#8221;media|nolink|original&#8221; carousel_v_align=&#8221;middle&#8221; carousel_interval=&#8221;3000&#8243; carousel_navspeed=&#8221;400&#8243; carousel_loop=&#8221;yes&#8221; stage_padding=&#8221;0&#8243; single_overlay_opacity=&#8221;50&#8243; single_text_anim=&#8221;no&#8221; single_overlay_anim=&#8221;no&#8221; single_image_anim=&#8221;no&#8221; single_padding=&#8221;2&#8243; single_border=&#8221;yes&#8221;][vc_empty_space empty_h=&#8221;2&#8243; el_class=&#8221;clerici-hide-mobile&#8221;][vc_button button_color=&#8221;accent&#8221; outline=&#8221;yes&#8221; border_width=&#8221;0&#8243; css_animation=&#8221;alpha-anim&#8221; animation_delay=&#8221;200&#8243; link=&#8221;url:http%3A%2F%2Ftomatolabs.com%2Fdev%2Fcaglificioclerici%2Ffr%2Fcertifications%2F|title:Certifications|&#8221;]CONTINUER[\/vc_button][\/vc_column][\/vc_row][vc_row unlock_row_content=&#8221;yes&#8221; row_height_percent=&#8221;0&#8243; override_padding=&#8221;yes&#8221; h_padding=&#8221;0&#8243; top_padding=&#8221;3&#8243; bottom_padding=&#8221;3&#8243; back_color=&#8221;color-xsdn&#8221; overlay_alpha=&#8221;50&#8243; equal_height=&#8221;yes&#8221; gutter_size=&#8221;3&#8243; column_width_percent=&#8221;100&#8243; shift_y=&#8221;0&#8243; z_index=&#8221;0&#8243; el_class=&#8221;clerici-home-box-tb-padding&#8221;][vc_column column_width_percent=&#8221;100&#8243; position_vertical=&#8221;middle&#8221; gutter_size=&#8221;3&#8243; overlay_alpha=&#8221;50&#8243; shift_x=&#8221;0&#8243; shift_y=&#8221;0&#8243; shift_y_down=&#8221;0&#8243; z_index=&#8221;0&#8243; medium_width=&#8221;0&#8243; mobile_width=&#8221;0&#8243; width=&#8221;1\/3&#8243;][vc_single_image media=&#8221;80149&#8243; media_width_percent=&#8221;100&#8243; css_animation=&#8221;left-t-right&#8221;][\/vc_column][vc_column column_width_percent=&#8221;100&#8243; position_vertical=&#8221;middle&#8221; align_horizontal=&#8221;align_center&#8221; gutter_size=&#8221;3&#8243; overlay_alpha=&#8221;50&#8243; shift_x=&#8221;0&#8243; shift_y=&#8221;0&#8243; shift_y_down=&#8221;0&#8243; z_index=&#8221;0&#8243; medium_width=&#8221;0&#8243; mobile_width=&#8221;0&#8243; width=&#8221;1\/3&#8243; el_class=&#8221;clerici-home-box-side-padding&#8221;][vc_custom_heading text_font=&#8221;font-363600&#8243; text_weight=&#8221;400&#8243; text_color=&#8221;color-jevc&#8221;]Autres<br \/>\nproduits[\/vc_custom_heading][vc_custom_heading heading_semantic=&#8221;p&#8221; text_size=&#8221;h4&#8243;]Caglificio Clerici propose aux fromageries de nombreux produits pour satisfaire toutes les exigences techniques et sp\u00e9cifiques.[\/vc_custom_heading][vc_empty_space empty_h=&#8221;2&#8243;][vc_button button_color=&#8221;accent&#8221; outline=&#8221;yes&#8221; border_width=&#8221;0&#8243; css_animation=&#8221;alpha-anim&#8221; animation_delay=&#8221;200&#8243; link=&#8221;url:http%3A%2F%2Ftomatolabs.com%2Fdev%2Fcaglificioclerici%2Ffr%2Fautres-produits%2F|title:Flussiges%20Lab|&#8221;]EN SAVOIR PLUS[\/vc_button][\/vc_column][vc_column column_width_percent=&#8221;100&#8243; position_vertical=&#8221;middle&#8221; align_horizontal=&#8221;align_right&#8221; gutter_size=&#8221;3&#8243; overlay_alpha=&#8221;50&#8243; shift_x=&#8221;0&#8243; shift_y=&#8221;0&#8243; shift_y_down=&#8221;0&#8243; z_index=&#8221;0&#8243; medium_width=&#8221;0&#8243; mobile_width=&#8221;0&#8243; width=&#8221;1\/3&#8243;][vc_single_image media=&#8221;80150&#8243; media_width_percent=&#8221;100&#8243; css_animation=&#8221;right-t-left&#8221; el_class=&#8221;mobile-hidden&#8221;][\/vc_column][\/vc_row][vc_row row_height_percent=&#8221;0&#8243; override_padding=&#8221;yes&#8221; h_padding=&#8221;2&#8243; top_padding=&#8221;3&#8243; bottom_padding=&#8221;3&#8243; back_color=&#8221;color-lxmt&#8221; overlay_alpha=&#8221;50&#8243; gutter_size=&#8221;0&#8243; column_width_percent=&#8221;100&#8243; shift_y=&#8221;0&#8243; z_index=&#8221;0&#8243; el_class=&#8221;clerici-home-box-tb-padding carosello&#8221;][vc_column column_width_percent=&#8221;100&#8243; position_vertical=&#8221;middle&#8221; align_horizontal=&#8221;align_center&#8221; gutter_size=&#8221;3&#8243; override_padding=&#8221;yes&#8221; column_padding=&#8221;4&#8243; overlay_alpha=&#8221;50&#8243; border_color=&#8221;color-gyho&#8221; border_style=&#8221;solid&#8221; shift_x=&#8221;0&#8243; shift_y=&#8221;0&#8243; shift_y_down=&#8221;0&#8243; z_index=&#8221;0&#8243; medium_width=&#8221;0&#8243; mobile_width=&#8221;0&#8243; width=&#8221;1\/1&#8243;][vc_custom_heading text_font=&#8221;font-363600&#8243; text_weight=&#8221;400&#8243; text_color=&#8221;color-jevc&#8221;]Nos partenaires[\/vc_custom_heading][vc_custom_heading heading_semantic=&#8221;p&#8221; text_size=&#8221;h4&#8243;]Les soci\u00e9t\u00e9s qui collaborent avec nous et croient en la qualit\u00e9 de nos produits et des services offerts.[\/vc_custom_heading][vc_empty_space empty_h=&#8221;2&#8243; el_class=&#8221;clerici-hide-mobile&#8221;][vc_gallery el_id=&#8221;gallery-213367&#8243; type=&#8221;carousel&#8221; medias=&#8221;79932,79933,79934,79935,79936,79937,79938,79939,79940,79942,79941,79943,79944,79945,79946,79947&#8243; carousel_lg=&#8221;4&#8243; carousel_md=&#8221;3&#8243; carousel_sm=&#8221;2&#8243; gutter_size=&#8221;2&#8243; media_items=&#8221;media|nolink|original&#8221; carousel_v_align=&#8221;middle&#8221; carousel_interval=&#8221;3000&#8243; carousel_navspeed=&#8221;400&#8243; carousel_loop=&#8221;yes&#8221; stage_padding=&#8221;0&#8243; single_overlay_opacity=&#8221;50&#8243; single_text_anim=&#8221;no&#8221; single_overlay_anim=&#8221;no&#8221; single_image_anim=&#8221;no&#8221; single_padding=&#8221;2&#8243; single_border=&#8221;yes&#8221; items=&#8221;eyI3OTA0MF9pIjp7InNpbmdsZV9pY29uIjoiIiwic2luZ2xlX2xpbmsiOiJ1cmw6aHR0cCUzQSUyRiUyRnd3dy5hcmlvbGlhY2hpbGxlLmNvbSUyRnx8dGFyZ2V0OiUyMF9ibGFua3wifSwiNzkwMzhfaSI6eyJzaW5nbGVfbGluayI6InVybDpodHRwJTNBJTJGJTJGd3d3LmFsaXZhbC5pdCUyRnx8dGFyZ2V0OiUyMF9ibGFua3wifSwiNzkwMzlfaSI6eyJzaW5nbGVfbGluayI6InVybDpodHRwcyUzQSUyRiUyRmJpcmFnaGkuaXQlMkZ8fHRhcmdldDolMjBfYmxhbmt8In0sIjc5MDQxX2kiOnsic2luZ2xlX2xpbmsiOiJ1cmw6aHR0cCUzQSUyRiUyRnd3dy5jYXNlaWZpY2lvZm9yZXN0aS5pdCUyRnx8dGFyZ2V0OiUyMF9ibGFua3wifSwiNzkwNDJfaSI6eyJzaW5nbGVfbGluayI6InVybDpodHRwJTNBJTJGJTJGd3d3Lm9pb2xpLml0JTJGfHx0YXJnZXQ6JTIwX2JsYW5rfCJ9LCI3OTUwMl9pIjp7InNpbmdsZV9saW5rIjoidXJsOmh0dHBzJTNBJTJGJTJGd3d3LmxhdHRlYnVzY2hlLmNvbSUyRnx8dGFyZ2V0OiUyMF9ibGFua3wifSwiNzk2MTJfaSI6eyJzaW5nbGVfbGluayI6InVybDpodHRwJTNBJTJGJTJGd3d3LmJhc3NpZm9ybWFnZ2kuaXQlMkZ8fHRhcmdldDolMjBfYmxhbmt8In0sIjc5NzY5X2kiOnsic2luZ2xlX2xpbmsiOiJ1cmw6aHR0cHMlM0ElMkYlMkZsYXR0ZXJpYWRpY2FtZXJpLml0JTJGfHx0YXJnZXQ6JTIwX2JsYW5rfCJ9LCI3OTg4Nl9pIjp7InNpbmdsZV9saW5rIjoidXJsOmh0dHAlM0ElMkYlMkZ3d3cub2lvbGkuaXQlMkZ8fHRhcmdldDolMjBfYmxhbmt8In0sIjc5ODg4X2kiOnsic2luZ2xlX2xpbmsiOiJ1cmw6aHR0cHMlM0ElMkYlMkZsYXR0ZXJpYWRpY2FtZXJpLml0JTJGfHx0YXJnZXQ6JTIwX2JsYW5rfCJ9LCI3OTg3Nl9pIjp7InNpbmdsZV9saW5rIjoidXJsOmh0dHAlM0ElMkYlMkZ3d3cuYmFzc2lmb3JtYWdnaS5pdCUyRnx8dGFyZ2V0OiUyMF9ibGFua3wifSwiNzk4ODVfaSI6eyJzaW5nbGVfbGluayI6InVybDpodHRwJTNBJTJGJTJGd3d3LmxpbnJvcy1pbnRlcmluc3Vtb3MuY29tJTJGfHx0YXJnZXQ6JTIwX2JsYW5rfCJ9LCI3OTg4NF9pIjp7InNpbmdsZV9saW5rIjoidXJsOmh0dHBzJTNBJTJGJTJGd3d3LmxhdHRlYnVzY2hlLmNvbSUyRnx8dGFyZ2V0OiUyMF9ibGFua3wifSwiNzk4ODNfaSI6eyJzaW5nbGVfbGluayI6InVybDpodHRwJTNBJTJGJTJGd3d3LmNhc2VpZmljaW9mb3Jlc3RpLml0JTJGfHx0YXJnZXQ6JTIwX2JsYW5rfCJ9LCI3OTg4MV9pIjp7InNpbmdsZV9saW5rIjoidXJsOmh0dHAlM0ElMkYlMkZ3d3cuYXJpb2xpYWNoaWxsZS5jb20lMkZ8fHRhcmdldDolMjBfYmxhbmt8In0sIjc5ODgwX2kiOnsic2luZ2xlX2xpbmsiOiJ1cmw6aHR0cHMlM0ElMkYlMkZ3d3cuY2FzZWlmaWNpb2J1c3RpLml0JTJGfHx0YXJnZXQ6JTIwX2JsYW5rfCJ9LCI3OTg3OF9pIjp7InNpbmdsZV9saW5rIjoidXJsOmh0dHBzJTNBJTJGJTJGYmlyYWdoaS5pdCUyRnx8dGFyZ2V0OiUyMF9ibGFua3wifSwiNzk4NzdfaSI6eyJzaW5nbGVfbGluayI6InVybDpodHRwJTNBJTJGJTJGYmlvdml0YWxpdmUuY29tJTJGfHx0YXJnZXQ6JTIwX2JsYW5rfCJ9fQ==&#8221;][vc_empty_space empty_h=&#8221;2&#8243; el_class=&#8221;clerici-hide-mobile&#8221;][vc_button button_color=&#8221;accent&#8221; outline=&#8221;yes&#8221; border_width=&#8221;0&#8243; css_animation=&#8221;alpha-anim&#8221; animation_delay=&#8221;200&#8243; link=&#8221;url:http%3A%2F%2Ftomatolabs.com%2Fdev%2Fcaglificioclerici%2Ffr%2Fqui-sommes-nous%2Fpartners%2F|title:Partenaires|&#8221;]CONTINUER[\/vc_button][\/vc_column][\/vc_row][vc_row row_height_percent=&#8221;0&#8243; override_padding=&#8221;yes&#8221; h_padding=&#8221;2&#8243; top_padding=&#8221;3&#8243; bottom_padding=&#8221;3&#8243; overlay_alpha=&#8221;50&#8243; gutter_size=&#8221;3&#8243; column_width_percent=&#8221;100&#8243; shift_y=&#8221;0&#8243; z_index=&#8221;0&#8243; desktop_visibility=&#8221;yes&#8221; medium_visibility=&#8221;yes&#8221; mobile_visibility=&#8221;yes&#8221; inverted_device_order=&#8221;yes&#8221; el_class=&#8221;clerici-home-box-t-padding&#8221; css=&#8221;.vc_custom_1584541267450{padding-top: 60px !important;padding-bottom: 60px !important;}&#8221; shape_dividers=&#8221;&#8221;][vc_column column_width_percent=&#8221;100&#8243; position_vertical=&#8221;middle&#8221; align_horizontal=&#8221;align_right&#8221; gutter_size=&#8221;3&#8243; overlay_alpha=&#8221;50&#8243; border_color=&#8221;color-lxmt&#8221; border_style=&#8221;solid&#8221; shift_x=&#8221;0&#8243; shift_y=&#8221;0&#8243; shift_y_down=&#8221;0&#8243; z_index=&#8221;0&#8243; align_medium=&#8221;align_left_tablet&#8221; medium_width=&#8221;0&#8243; align_mobile=&#8221;align_left_mobile&#8221; mobile_width=&#8221;0&#8243; width=&#8221;1\/2&#8243; css=&#8221;.vc_custom_1569843929954{border-right-width: 1px !important;padding-right: 36px !important;}&#8221; el_class=&#8221;homebox-articolo&#8211;left&#8221;][vc_custom_heading text_font=&#8221;font-363600&#8243; text_weight=&#8221;400&#8243; text_color=&#8221;color-jevc&#8221;]Blog[\/vc_custom_heading][vc_custom_heading heading_semantic=&#8221;p&#8221; text_size=&#8221;h4&#8243;]Caglificio Clerici vous propose des r\u00e9flexions, des id\u00e9es et les derni\u00e8res nouveaut\u00e9s du secteur.[\/vc_custom_heading][vc_empty_space empty_h=&#8221;2&#8243; el_class=&#8221;clerici-hide-mobile&#8221;][uncode_index el_id=&#8221;index-39553&#8243; index_type=&#8221;carousel&#8221; loop=&#8221;size:8|order_by:date|post_type:post&#8221; carousel_lg=&#8221;1&#8243; carousel_md=&#8221;1&#8243; carousel_sm=&#8221;1&#8243; thumb_size=&#8221;sixteen-nine&#8221; gutter_size=&#8221;3&#8243; post_items=&#8221;media|featured|onpost|original,title&#8221; ricetta_items=&#8221;media|featured|onpost|original,title,category|nobg|relative|display-icon&#8221; carousel_height=&#8221;equal&#8221; carousel_interval=&#8221;3000&#8243; carousel_navspeed=&#8221;700&#8243; carousel_loop=&#8221;yes&#8221; carousel_nav=&#8221;yes&#8221; carousel_dots_inside=&#8221;yes&#8221; stage_padding=&#8221;0&#8243; single_overlay_opacity=&#8221;50&#8243; single_padding=&#8221;2&#8243; single_title_dimension=&#8221;h3&#8243; single_border=&#8221;yes&#8221; single_css_animation=&#8221;alpha-anim&#8221;][vc_empty_space empty_h=&#8221;2&#8243; el_class=&#8221;clerici-hide-mobile&#8221;][vc_button button_color=&#8221;accent&#8221; outline=&#8221;yes&#8221; border_width=&#8221;0&#8243; css_animation=&#8221;alpha-anim&#8221; animation_delay=&#8221;200&#8243; link=&#8221;url:http%3A%2F%2Ftomatolabs.com%2Fdev%2Fcaglificioclerici%2Ffr%2Fblog-2%2F|title:Blog|&#8221;]CONTINUER[\/vc_button][\/vc_column][vc_column column_width_percent=&#8221;100&#8243; gutter_size=&#8221;3&#8243; overlay_alpha=&#8221;50&#8243; shift_x=&#8221;0&#8243; shift_y=&#8221;0&#8243; shift_y_down=&#8221;0&#8243; z_index=&#8221;0&#8243; align_medium=&#8221;align_left_tablet&#8221; medium_width=&#8221;0&#8243; align_mobile=&#8221;align_left_mobile&#8221; mobile_width=&#8221;0&#8243; width=&#8221;1\/2&#8243; css=&#8221;.vc_custom_1569843949970{padding-right: 36px !important;}&#8221;][vc_custom_heading text_font=&#8221;font-363600&#8243; text_weight=&#8221;400&#8243; text_color=&#8221;color-jevc&#8221;]En cuisine[\/vc_custom_heading][vc_custom_heading heading_semantic=&#8221;p&#8221; text_size=&#8221;h4&#8243;]Amusez-vous en cuisine avec la s\u00e9lection des meilleures recettes des excellentes fromageries italiennes.[\/vc_custom_heading][vc_empty_space empty_h=&#8221;2&#8243; el_class=&#8221;clerici-hide-mobile&#8221;][uncode_index el_id=&#8221;index-39554&#8243; index_type=&#8221;carousel&#8221; loop=&#8221;size:2|order_by:date|post_type:ricetta&#8221; carousel_lg=&#8221;1&#8243; carousel_md=&#8221;1&#8243; carousel_sm=&#8221;1&#8243; thumb_size=&#8221;sixteen-nine&#8221; gutter_size=&#8221;3&#8243; post_items=&#8221;media|featured|onpost|original,date,title,text|full|100&#8243; ricetta_items=&#8221;media|featured|onpost|original,title&#8221; carousel_height=&#8221;equal&#8221; carousel_interval=&#8221;3000&#8243; carousel_navspeed=&#8221;700&#8243; carousel_loop=&#8221;yes&#8221; carousel_nav=&#8221;yes&#8221; stage_padding=&#8221;0&#8243; single_overlay_opacity=&#8221;50&#8243; single_padding=&#8221;2&#8243; single_title_dimension=&#8221;h3&#8243; single_border=&#8221;yes&#8221; single_css_animation=&#8221;alpha-anim&#8221;][vc_empty_space empty_h=&#8221;2&#8243; el_class=&#8221;clerici-hide-mobile&#8221;][vc_button button_color=&#8221;accent&#8221; outline=&#8221;yes&#8221; border_width=&#8221;0&#8243; css_animation=&#8221;alpha-anim&#8221; animation_delay=&#8221;200&#8243; link=&#8221;url:http%3A%2F%2Ftomatolabs.com%2Fdev%2Fcaglificioclerici%2Ffr%2Fqui-sommes-nous%2Fen-cuisine%2F|title:Blog|&#8221;]CONTINUER[\/vc_button][\/vc_column][\/vc_row]<\/p>\n<\/div>","protected":false},"excerpt":{"rendered":"<p>[vc_row unlock_row_content=&#8221;yes&#8221; row_height_percent=&#8221;0&#8243; override_padding=&#8221;yes&#8221; h_padding=&#8221;0&#8243; top_padding=&#8221;0&#8243; bottom_padding=&#8221;3&#8243; back_color=&#8221;color-xsdn&#8221; overlay_alpha=&#8221;50&#8243; equal_height=&#8221;yes&#8221; gutter_size=&#8221;3&#8243; column_width_percent=&#8221;100&#8243; shift_y=&#8221;0&#8243; z_index=&#8221;0&#8243; el_class=&#8221;clerici-home-box-tb-padding&#8221; css=&#8221;.vc_custom_1569837254425{padding-top: 0px !important;}&#8221;][vc_column column_width_percent=&#8221;100&#8243; position_vertical=&#8221;middle&#8221; [&hellip;]<\/p>\n","protected":false},"author":1,"featured_media":0,"parent":0,"menu_order":0,"comment_status":"closed","ping_status":"closed","template":"","meta":{"_acf_changed":false,"footnotes":""},"class_list":["post-83596","page","type-page","status-publish","hentry"],"acf":[],"_links":{"self":[{"href":"https:\/\/www.caglificioclerici.com\/fr\/wp-json\/wp\/v2\/pages\/83596","targetHints":{"allow":["GET"]}}],"collection":[{"href":"https:\/\/www.caglificioclerici.com\/fr\/wp-json\/wp\/v2\/pages"}],"about":[{"href":"https:\/\/www.caglificioclerici.com\/fr\/wp-json\/wp\/v2\/types\/page"}],"author":[{"embeddable":true,"href":"https:\/\/www.caglificioclerici.com\/fr\/wp-json\/wp\/v2\/users\/1"}],"replies":[{"embeddable":true,"href":"https:\/\/www.caglificioclerici.com\/fr\/wp-json\/wp\/v2\/comments?post=83596"}],"version-history":[{"count":1,"href":"https:\/\/www.caglificioclerici.com\/fr\/wp-json\/wp\/v2\/pages\/83596\/revisions"}],"predecessor-version":[{"id":106025,"href":"https:\/\/www.caglificioclerici.com\/fr\/wp-json\/wp\/v2\/pages\/83596\/revisions\/106025"}],"wp:attachment":[{"href":"https:\/\/www.caglificioclerici.com\/fr\/wp-json\/wp\/v2\/media?parent=83596"}],"curies":[{"name":"wp","href":"https:\/\/api.w.org\/{rel}","templated":true}]}}